{"id":6655,"date":"2026-02-17T17:55:26","date_gmt":"2026-02-17T15:55:26","guid":{"rendered":"\/?page_id=6655"},"modified":"2026-03-23T20:05:15","modified_gmt":"2026-03-23T18:05:15","slug":"widerrufsrecht","status":"publish","type":"page","link":"https:\/\/www.trazos.de\/en\/widerrufsrecht\/","title":{"rendered":"Right of Withdrawal"},"content":{"rendered":"\t\t<div data-elementor-type=\"wp-page\" data-elementor-id=\"6655\" class=\"elementor elementor-6655\" data-elementor-post-type=\"page\">\n\t\t\t\t<div class=\"elementor-element elementor-element-887297c e-flex e-con-boxed e-con e-parent\" data-id=\"887297c\" data-element_type=\"container\" data-e-type=\"container\">\n\t\t\t\t\t<div class=\"e-con-inner\">\n\t\t<div class=\"elementor-element elementor-element-f31dfb7 e-con-full e-flex e-con e-child\" data-id=\"f31dfb7\" data-element_type=\"container\" data-e-type=\"container\">\n\t\t\t\t<div class=\"elementor-element elementor-element-5f57a89 elementor-widget elementor-widget-heading\" data-id=\"5f57a89\" data-element_type=\"widget\" data-e-type=\"widget\" data-settings=\"{&quot;sticky&quot;:&quot;top&quot;,&quot;sticky_on&quot;:[&quot;desktop&quot;,&quot;tablet&quot;],&quot;sticky_offset&quot;:100,&quot;sticky_parent&quot;:&quot;yes&quot;,&quot;sticky_effects_offset&quot;:0,&quot;sticky_anchor_link_offset&quot;:0}\" data-widget_type=\"heading.default\">\n\t\t\t\t<div class=\"elementor-widget-container\">\n\t\t\t\t\t<h1 class=\"elementor-heading-title elementor-size-default\">Widerrufsrecht<\/h1>\t\t\t\t<\/div>\n\t\t\t\t<\/div>\n\t\t\t\t<div class=\"elementor-element elementor-element-923ec8e elementor-icon-list--layout-traditional elementor-list-item-link-full_width elementor-widget elementor-widget-icon-list\" data-id=\"923ec8e\" data-element_type=\"widget\" data-e-type=\"widget\" data-settings=\"{&quot;sticky&quot;:&quot;top&quot;,&quot;sticky_on&quot;:[&quot;desktop&quot;,&quot;tablet&quot;],&quot;sticky_offset&quot;:500,&quot;sticky_effects_offset&quot;:0,&quot;sticky_anchor_link_offset&quot;:0}\" data-widget_type=\"icon-list.default\">\n\t\t\t\t<div class=\"elementor-widget-container\">\n\t\t\t\t\t\t\t<ul class=\"elementor-icon-list-items\">\n\t\t\t\t\t\t\t<li class=\"elementor-icon-list-item\">\n\t\t\t\t\t\t\t\t\t\t\t<a href=\"\/term-conditions\/\">\n\n\t\t\t\t\t\t\t\t\t\t\t<span class=\"elementor-icon-list-text\">AGB<\/span>\n\t\t\t\t\t\t\t\t\t\t\t<\/a>\n\t\t\t\t\t\t\t\t\t<\/li>\n\t\t\t\t\t\t\t\t<li class=\"elementor-icon-list-item\">\n\t\t\t\t\t\t\t\t\t\t\t<a href=\"\/privacy-policy\">\n\n\t\t\t\t\t\t\t\t\t\t\t<span class=\"elementor-icon-list-text\">Datenschutzerkl\u00e4rung<\/span>\n\t\t\t\t\t\t\t\t\t\t\t<\/a>\n\t\t\t\t\t\t\t\t\t<\/li>\n\t\t\t\t\t\t\t\t<li class=\"elementor-icon-list-item\">\n\t\t\t\t\t\t\t\t\t\t\t<a href=\"\/legal-disclosure\">\n\n\t\t\t\t\t\t\t\t\t\t\t<span class=\"elementor-icon-list-text\">Impressum<\/span>\n\t\t\t\t\t\t\t\t\t\t\t<\/a>\n\t\t\t\t\t\t\t\t\t<\/li>\n\t\t\t\t\t\t<\/ul>\n\t\t\t\t\t\t<\/div>\n\t\t\t\t<\/div>\n\t\t\t\t<\/div>\n\t\t<div class=\"elementor-element elementor-element-0716994 e-con-full e-flex e-con e-child\" data-id=\"0716994\" data-element_type=\"container\" data-e-type=\"container\">\n\t\t\t\t<div class=\"elementor-element elementor-element-12fa855 elementor-widget elementor-widget-text-editor\" data-id=\"12fa855\" data-element_type=\"widget\" data-e-type=\"widget\" data-widget_type=\"text-editor.default\">\n\t\t\t\t<div class=\"elementor-widget-container\">\n\t\t\t\t\t\t\t\t\t<p><strong>Widerrufsbelehrung<\/strong><\/p><p>Sie haben das Recht, binnen vier Wochen ohne Angabe von Gr\u00fcnden einen mit uns im Wege des Fernabsatzes geschlossenen Vertrag zu widerrufen.<\/p><p>Die Widerrufsfrist betr\u00e4gt vier Wochen ab dem Tag, an dem Sie oder ein von Ihnen benannter Dritter, der nicht der Bef\u00f6rderer ist, die letzte Ware in Besitz genommen haben bzw. hat.<\/p><p>Um Ihr Widerrufsrecht auszu\u00fcben, m\u00fcssen Sie uns<\/p><p>TRAZOS \u2013 Jan Andr\u00e9s Ben\u00f6hr<br \/>Harthauser Starsse 79<br \/>81545 M\u00fcnchen<br \/>Deutschland<br \/>E-Mail: <a href=\"mailto:support@trazos.de\"><span style=\"text-decoration: underline;\">support@trazos.de<\/span><\/a><\/p><p>mittels einer eindeutigen Erkl\u00e4rung (z. B. per E-Mail oder Brief) \u00fcber Ihren Entschluss informieren, diesen Vertrag zu widerrufen.<\/p><p>Sie k\u00f6nnen daf\u00fcr das unten stehende Muster-Widerrufsformular verwenden, das jedoch nicht vorgeschrieben ist.<\/p><p>Zur Wahrung der Frist reicht es aus, dass Sie die Mitteilung \u00fcber die Aus\u00fcbung des Widerrufsrechts vor Ablauf der Frist absenden.<br \/><br \/><\/p><p><strong>Folgen des Widerrufs<br \/><\/strong>Wenn Sie den Kaufvertrag Vertrag widerrufen, erstatten wir Ihnen alle Zahlungen, die wir von Ihnen erhalten haben, einschlie\u00dflich der Lieferkosten (mit Ausnahme zus\u00e4tzlicher Kosten, die sich daraus ergeben, dass Sie eine andere Art der Lieferung als die von uns angebotene Standardlieferung gew\u00e4hlt haben).<\/p><p>Die R\u00fcckzahlung erfolgt unverz\u00fcglich und sp\u00e4testens binnen 14 Tagen, ab dem Tag, an dem die Mitteilung \u00fcber Ihren Widerruf bei uns eingegangen ist.<\/p><p>F\u00fcr die R\u00fcckzahlung verwenden wir dasselbe Zahlungsmittel, das Sie bei der urspr\u00fcnglichen Transaktion eingesetzt haben, es sei denn, es wurde ausdr\u00fccklich etwas anderes vereinbart. Ihnen entstehen dadurch keine Geb\u00fchren.<\/p><p>Wir k\u00f6nnen die R\u00fcckzahlung verweigern, bis wir die Ware zur\u00fcckerhalten haben oder Sie den Nachweis erbracht haben, dass Sie die Ware zur\u00fcckgesendet haben.<\/p><p>Sie haben die Waren unverz\u00fcglich und sp\u00e4testens binnen 14 Tagen ab dem Tag, an dem Sie uns \u00fcber den Widerruf unterrichten, an uns zur\u00fcckzusenden oder zu \u00fcbergeben.<\/p><p>Die Frist ist gewahrt, wenn Sie die Waren vor Ablauf der Frist absenden.<\/p><p><strong>Sie tragen die unmittelbaren Kosten der R\u00fccksendung der Waren.<\/strong><\/p><p>Sie m\u00fcssen f\u00fcr einen etwaigen Wertverlust der Waren nur aufkommen, wenn dieser Wertverlust auf einen Umgang zur\u00fcckzuf\u00fchren ist, der zur Pr\u00fcfung der Beschaffenheit, Eigenschaften und Funktionsweise der Waren nicht notwendig war.<\/p><p><strong><br \/>Muster-Widerrufsformular<br \/><\/strong>(Wenn Sie den Vertrag widerrufen wollen, dann f\u00fcllen Sie bitte dieses Formular aus und senden Sie es zur\u00fcck).<\/p><p>An:<br \/>TRAZOS \u2013 Jan Andr\u00e9s Ben\u00f6hr<br \/>Harthauser Starsse 79<br \/>81545 M\u00fcnchen<br \/>Deutschland<br \/>E-Mail: <a href=\"mailto:support@trazos.de\">support@trazos.de<\/a><\/p><p>Hiermit widerrufe ich den von mir abgeschlossenen Vertrag \u00fcber den Kauf der folgenden Waren:<br \/>Bestellt am:<br \/>Erhalten am:<br \/>Name des Verbrauchers:<br \/>Anschrift des Verbrauchers:<br \/>Unterschrift des Verbrauchers (nur bei Mitteilung auf Papier)<br \/>Datum:<\/p>\t\t\t\t\t\t\t\t<\/div>\n\t\t\t\t<\/div>\n\t\t\t\t<\/div>\n\t\t\t\t\t<\/div>\n\t\t\t\t<\/div>\n\t\t\t\t<\/div>\n\t\t","protected":false},"excerpt":{"rendered":"<p>Widerrufsrecht AGB Datenschutzerkl\u00e4rung Impressum Widerrufsbelehrung Sie haben das Recht, binnen vier Wochen ohne Angabe von Gr\u00fcnden einen mit uns im Wege des Fernabsatzes geschlossenen Vertrag zu widerrufen. Die Widerrufsfrist betr\u00e4gt vier Wochen ab dem Tag, an dem Sie oder ein von Ihnen benannter Dritter, der nicht der Bef\u00f6rderer ist, die letzte Ware in Besitz genommen [&hellip;]<\/p>\n","protected":false},"author":2,"featured_media":0,"parent":0,"menu_order":0,"comment_status":"closed","ping_status":"closed","template":"","meta":{"_acf_changed":false,"footnotes":""},"class_list":["post-6655","page","type-page","status-publish","hentry"],"acf":[],"_links":{"self":[{"href":"https:\/\/www.trazos.de\/en\/wp-json\/wp\/v2\/pages\/6655","targetHints":{"allow":["GET"]}}],"collection":[{"href":"https:\/\/www.trazos.de\/en\/wp-json\/wp\/v2\/pages"}],"about":[{"href":"https:\/\/www.trazos.de\/en\/wp-json\/wp\/v2\/types\/page"}],"author":[{"embeddable":true,"href":"https:\/\/www.trazos.de\/en\/wp-json\/wp\/v2\/users\/2"}],"replies":[{"embeddable":true,"href":"https:\/\/www.trazos.de\/en\/wp-json\/wp\/v2\/comments?post=6655"}],"version-history":[{"count":19,"href":"https:\/\/www.trazos.de\/en\/wp-json\/wp\/v2\/pages\/6655\/revisions"}],"predecessor-version":[{"id":9124,"href":"https:\/\/www.trazos.de\/en\/wp-json\/wp\/v2\/pages\/6655\/revisions\/9124"}],"wp:attachment":[{"href":"https:\/\/www.trazos.de\/en\/wp-json\/wp\/v2\/media?parent=6655"}],"curies":[{"name":"wp","href":"https:\/\/api.w.org\/{rel}","templated":true}]}}