{"id":59,"date":"2025-06-11T15:19:26","date_gmt":"2025-06-11T15:19:26","guid":{"rendered":"\/?page_id=59"},"modified":"2026-02-16T13:45:16","modified_gmt":"2026-02-16T11:45:16","slug":"contact","status":"publish","type":"page","link":"https:\/\/www.trazos.de\/en\/contact\/","title":{"rendered":"Contact"},"content":{"rendered":"\t\t<div data-elementor-type=\"wp-page\" data-elementor-id=\"59\" class=\"elementor elementor-59\" data-elementor-post-type=\"page\">\n\t\t\t\t<div class=\"elementor-element elementor-element-7a543f1 e-flex e-con-boxed e-con e-parent\" data-id=\"7a543f1\" data-element_type=\"container\" data-e-type=\"container\">\n\t\t\t\t\t<div class=\"e-con-inner\">\n\t\t<div class=\"elementor-element elementor-element-536be45 e-con-full e-flex e-con e-child\" data-id=\"536be45\" data-element_type=\"container\" data-e-type=\"container\">\n\t\t\t\t<div class=\"elementor-element elementor-element-6ac66d1 elementor-widget elementor-widget-heading\" data-id=\"6ac66d1\" data-element_type=\"widget\" data-e-type=\"widget\" data-settings=\"{&quot;sticky&quot;:&quot;top&quot;,&quot;sticky_on&quot;:[&quot;desktop&quot;,&quot;tablet&quot;],&quot;sticky_offset&quot;:100,&quot;sticky_parent&quot;:&quot;yes&quot;,&quot;sticky_effects_offset&quot;:0,&quot;sticky_anchor_link_offset&quot;:0}\" data-widget_type=\"heading.default\">\n\t\t\t\t<div class=\"elementor-widget-container\">\n\t\t\t\t\t<h1 class=\"elementor-heading-title elementor-size-default\">Kontakt\n<\/h1>\t\t\t\t<\/div>\n\t\t\t\t<\/div>\n\t\t\t\t<\/div>\n\t\t<div class=\"elementor-element elementor-element-cedc66f e-con-full e-flex e-con e-child\" data-id=\"cedc66f\" data-element_type=\"container\" data-e-type=\"container\">\n\t\t\t\t<div class=\"elementor-element elementor-element-2ffb147 elementor-widget elementor-widget-text-editor\" data-id=\"2ffb147\" data-element_type=\"widget\" data-e-type=\"widget\" data-widget_type=\"text-editor.default\">\n\t\t\t\t<div class=\"elementor-widget-container\">\n\t\t\t\t\t\t\t\t\t<p>Wir freuen uns, von Ihnen zu h\u00f6ren \u2013 ob Sie eine Frage zu unseren Produkten haben, eine Idee teilen m\u00f6chten oder an einer Zusammenarbeit interessiert sind.<\/p><p>Bitte senden Sie uns eine Nachricht an <a href=\"mailto:info@trazos.de\"><span style=\"text-decoration: underline;\">info@trazos.de<\/span><\/a><br \/>Wir bem\u00fchen uns, werktags innerhalb von 48 Stunden zu antworten.<\/p>\t\t\t\t\t\t\t\t<\/div>\n\t\t\t\t<\/div>\n\t\t\t\t<div class=\"elementor-element elementor-element-ed0489e elementor-widget elementor-widget-heading\" data-id=\"ed0489e\" data-element_type=\"widget\" data-e-type=\"widget\" data-widget_type=\"heading.default\">\n\t\t\t\t<div class=\"elementor-widget-container\">\n\t\t\t\t\t<h2 class=\"elementor-heading-title elementor-size-default\">B\u00fcro in M\u00fcnchen<\/h2>\t\t\t\t<\/div>\n\t\t\t\t<\/div>\n\t\t\t\t<div class=\"elementor-element elementor-element-a53f1b0 elementor-widget elementor-widget-text-editor\" data-id=\"a53f1b0\" data-element_type=\"widget\" data-e-type=\"widget\" data-widget_type=\"text-editor.default\">\n\t\t\t\t<div class=\"elementor-widget-container\">\n\t\t\t\t\t\t\t\t\t<p>TRAZOS<br \/>RUFFINI Creative Hub<br \/>Sendlinger Str. 1<br \/>80331 M\u00fcnchen<\/p>\t\t\t\t\t\t\t\t<\/div>\n\t\t\t\t<\/div>\n\t\t\t\t<div class=\"elementor-element elementor-element-997e31a elementor-widget elementor-widget-google_maps\" data-id=\"997e31a\" data-element_type=\"widget\" data-e-type=\"widget\" data-widget_type=\"google_maps.default\">\n\t\t\t\t<div class=\"elementor-widget-container\">\n\t\t\t\t\t\t\t<div class=\"elementor-custom-embed\">\n\t\t\t<iframe loading=\"lazy\"\n\t\t\t\t\tsrc=\"https:\/\/maps.google.com\/maps?q=Sendlinger%20Strasse%201%2C%2080331%20%C3%BCnchen&#038;t=m&#038;z=14&#038;output=embed&#038;iwloc=near\"\n\t\t\t\t\ttitle=\"Sendlinger Strasse 1, 80331 \u00fcnchen\"\n\t\t\t\t\taria-label=\"Sendlinger Strasse 1, 80331 \u00fcnchen\"\n\t\t\t><\/iframe>\n\t\t<\/div>\n\t\t\t\t\t\t<\/div>\n\t\t\t\t<\/div>\n\t\t\t\t<div class=\"elementor-element elementor-element-cb9ae42 elementor-widget elementor-widget-heading\" data-id=\"cb9ae42\" data-element_type=\"widget\" data-e-type=\"widget\" data-widget_type=\"heading.default\">\n\t\t\t\t<div class=\"elementor-widget-container\">\n\t\t\t\t\t<h2 class=\"elementor-heading-title elementor-size-default\">B2B Vertrieb<\/h2>\t\t\t\t<\/div>\n\t\t\t\t<\/div>\n\t\t\t\t<div class=\"elementor-element elementor-element-6b3c497 elementor-widget elementor-widget-text-editor\" data-id=\"6b3c497\" data-element_type=\"widget\" data-e-type=\"widget\" data-widget_type=\"text-editor.default\">\n\t\t\t\t<div class=\"elementor-widget-container\">\n\t\t\t\t\t\t\t\t\t<p>Gerne unterst\u00fctzen wir Sie bei Ihrem n\u00e4chsten Projekt. <br \/>Bitte kontaktieren Sie uns direkt unter\u00a0<u><a href=\"mailto:contract@trazos.de\">contract@trazos.de<\/a><br \/><\/u>Wir melden uns schnellstm\u00f6glich bei Ihnen zur\u00fcck.<\/p>\t\t\t\t\t\t\t\t<\/div>\n\t\t\t\t<\/div>\n\t\t\t\t<div class=\"elementor-element elementor-element-d185db1 elementor-widget elementor-widget-heading\" data-id=\"d185db1\" data-element_type=\"widget\" data-e-type=\"widget\" data-widget_type=\"heading.default\">\n\t\t\t\t<div class=\"elementor-widget-container\">\n\t\t\t\t\t<h2 class=\"elementor-heading-title elementor-size-default\">Presseanfragen<\/h2>\t\t\t\t<\/div>\n\t\t\t\t<\/div>\n\t\t\t\t<div class=\"elementor-element elementor-element-cbe62e8 elementor-widget elementor-widget-text-editor\" data-id=\"cbe62e8\" data-element_type=\"widget\" data-e-type=\"widget\" data-widget_type=\"text-editor.default\">\n\t\t\t\t<div class=\"elementor-widget-container\">\n\t\t\t\t\t\t\t\t\t<p>Gro\u00dfe Geschichten beginnen mit guten Gespr\u00e4chen. <br \/>Wenn Sie \u00fcber Design, Handwerk oder zeitgem\u00e4\u00dfes Wohnen berichten, freuen wir uns \u00fcber Ihre Nachricht.<\/p><p>Kontaktieren Sie uns unter <a href=\"mailto:press@trazos.de\"><span style=\"text-decoration: underline;\">press@trazos.de<\/span><\/a>. <br \/>Gerne stellen wir Ihnen Bildmaterial zur Verf\u00fcgung. Ein eigener Pressebereich mit Download-Materialien steht Ihnen in K\u00fcrze zur Verf\u00fcgung.<\/p>\t\t\t\t\t\t\t\t<\/div>\n\t\t\t\t<\/div>\n\t\t\t\t<div class=\"elementor-element elementor-element-72b5356 elementor-widget elementor-widget-heading\" data-id=\"72b5356\" data-element_type=\"widget\" data-e-type=\"widget\" data-widget_type=\"heading.default\">\n\t\t\t\t<div class=\"elementor-widget-container\">\n\t\t\t\t\t<h2 class=\"elementor-heading-title elementor-size-default\">Designvorschl\u00e4ge<\/h2>\t\t\t\t<\/div>\n\t\t\t\t<\/div>\n\t\t\t\t<div class=\"elementor-element elementor-element-3cb33bd elementor-widget elementor-widget-text-editor\" data-id=\"3cb33bd\" data-element_type=\"widget\" data-e-type=\"widget\" data-widget_type=\"text-editor.default\">\n\t\t\t\t<div class=\"elementor-widget-container\">\n\t\t\t\t\t\t\t\t\t<p>Wenn Sie einen Entwurf haben, der zu TRAZOS passen k\u00f6nnte, senden Sie uns bitte eine E-Mail an <span style=\"text-decoration: underline;\"><a href=\"mailto:design@trazos.de\">design@trazos.de<\/a><\/span>.<\/p><p>F\u00fcr uns bedeutet Design mehr als Form \u2013 es geht darum, langlebige, sinnvolle Objekte zu schaffen, die Klarheit, Komfort und Charakter in den Alltag bringen.<\/p><p>Bitte machen Sie sich vorab mit unserer Designphilosophie vertraut. Wir pr\u00fcfen jede Einsendung sorgf\u00e4ltig. Aufgrund der Vielzahl an Anfragen bitten wir jedoch um etwas Geduld bei der R\u00fcckmeldung.<\/p>\t\t\t\t\t\t\t\t<\/div>\n\t\t\t\t<\/div>\n\t\t\t\t<div class=\"elementor-element elementor-element-234c712 elementor-widget elementor-widget-heading\" data-id=\"234c712\" data-element_type=\"widget\" data-e-type=\"widget\" data-widget_type=\"heading.default\">\n\t\t\t\t<div class=\"elementor-widget-container\">\n\t\t\t\t\t<h2 class=\"elementor-heading-title elementor-size-default\">Karriere<\/h2>\t\t\t\t<\/div>\n\t\t\t\t<\/div>\n\t\t\t\t<div class=\"elementor-element elementor-element-4b353df elementor-widget elementor-widget-text-editor\" data-id=\"4b353df\" data-element_type=\"widget\" data-e-type=\"widget\" data-widget_type=\"text-editor.default\">\n\t\t\t\t<div class=\"elementor-widget-container\">\n\t\t\t\t\t\t\t\t\t<p>TRAZOS bietet regelm\u00e4\u00dfig Praktika an und sucht neue Talente f\u00fcr unseren Standort in M\u00fcnchen. Wenn Sie sich f\u00fcr eine Mitarbeit oder ein Praktikum interessieren, senden Sie bitte Ihren Lebenslauf sowie ein kurzes Motivationsschreiben an <a href=\"mailto:jobs@trazos.de\"><span style=\"text-decoration: underline;\">jobs@trazos.de<\/span><\/a>.<\/p><p>Praktika sollten mindestens drei Monate dauern und Bestandteil Ihres Studiums oder Ihrer Ausbildung sein.<\/p>\t\t\t\t\t\t\t\t<\/div>\n\t\t\t\t<\/div>\n\t\t\t\t<\/div>\n\t\t\t\t\t<\/div>\n\t\t\t\t<\/div>\n\t\t\t\t<\/div>\n\t\t","protected":false},"excerpt":{"rendered":"<p>Kontakt Wir freuen uns, von Ihnen zu h\u00f6ren \u2013 ob Sie eine Frage zu unseren Produkten haben, eine Idee teilen m\u00f6chten oder an einer Zusammenarbeit interessiert sind. Bitte senden Sie uns eine Nachricht an info@trazos.deWir bem\u00fchen uns, werktags innerhalb von 48 Stunden zu antworten. B\u00fcro in M\u00fcnchen TRAZOSRUFFINI Creative HubSendlinger Str. 180331 M\u00fcnchen B2B Vertrieb [&hellip;]<\/p>\n","protected":false},"author":1,"featured_media":0,"parent":0,"menu_order":0,"comment_status":"closed","ping_status":"closed","template":"","meta":{"_acf_changed":false,"footnotes":""},"class_list":["post-59","page","type-page","status-publish","hentry"],"acf":[],"_links":{"self":[{"href":"https:\/\/www.trazos.de\/en\/wp-json\/wp\/v2\/pages\/59","targetHints":{"allow":["GET"]}}],"collection":[{"href":"https:\/\/www.trazos.de\/en\/wp-json\/wp\/v2\/pages"}],"about":[{"href":"https:\/\/www.trazos.de\/en\/wp-json\/wp\/v2\/types\/page"}],"author":[{"embeddable":true,"href":"https:\/\/www.trazos.de\/en\/wp-json\/wp\/v2\/users\/1"}],"replies":[{"embeddable":true,"href":"https:\/\/www.trazos.de\/en\/wp-json\/wp\/v2\/comments?post=59"}],"version-history":[{"count":81,"href":"https:\/\/www.trazos.de\/en\/wp-json\/wp\/v2\/pages\/59\/revisions"}],"predecessor-version":[{"id":8582,"href":"https:\/\/www.trazos.de\/en\/wp-json\/wp\/v2\/pages\/59\/revisions\/8582"}],"wp:attachment":[{"href":"https:\/\/www.trazos.de\/en\/wp-json\/wp\/v2\/media?parent=59"}],"curies":[{"name":"wp","href":"https:\/\/api.w.org\/{rel}","templated":true}]}}