{"id":57,"date":"2025-06-11T15:19:17","date_gmt":"2025-06-11T15:19:17","guid":{"rendered":"\/?page_id=57"},"modified":"2026-03-26T19:53:36","modified_gmt":"2026-03-26T17:53:36","slug":"about","status":"publish","type":"page","link":"https:\/\/www.trazos.de\/en\/about\/","title":{"rendered":"About"},"content":{"rendered":"\t\t<div data-elementor-type=\"wp-page\" data-elementor-id=\"57\" class=\"elementor elementor-57\" data-elementor-post-type=\"page\">\n\t\t\t\t<div class=\"elementor-element elementor-element-74b1fde e-flex e-con-boxed e-con e-parent\" data-id=\"74b1fde\" data-element_type=\"container\" data-e-type=\"container\">\n\t\t\t\t\t<div class=\"e-con-inner\">\n\t\t<div class=\"elementor-element elementor-element-14bf880 e-con-full e-flex e-con e-child\" data-id=\"14bf880\" data-element_type=\"container\" data-e-type=\"container\">\n\t\t\t\t<div class=\"elementor-element elementor-element-da3e441 elementor-widget elementor-widget-heading\" data-id=\"da3e441\" data-element_type=\"widget\" data-e-type=\"widget\" data-settings=\"{&quot;sticky&quot;:&quot;top&quot;,&quot;sticky_on&quot;:[&quot;desktop&quot;,&quot;tablet&quot;],&quot;sticky_offset&quot;:100,&quot;sticky_parent&quot;:&quot;yes&quot;,&quot;sticky_effects_offset&quot;:0,&quot;sticky_anchor_link_offset&quot;:0}\" data-widget_type=\"heading.default\">\n\t\t\t\t<div class=\"elementor-widget-container\">\n\t\t\t\t\t<h1 class=\"elementor-heading-title elementor-size-default\">\u00dcber  uns<\/h1>\t\t\t\t<\/div>\n\t\t\t\t<\/div>\n\t\t\t\t<\/div>\n\t\t<div class=\"elementor-element elementor-element-ca60e70 e-con-full e-flex e-con e-child\" data-id=\"ca60e70\" data-element_type=\"container\" data-e-type=\"container\">\n\t\t\t\t<div class=\"elementor-element elementor-element-63c76df elementor-widget elementor-widget-heading\" data-id=\"63c76df\" data-element_type=\"widget\" data-e-type=\"widget\" data-widget_type=\"heading.default\">\n\t\t\t\t<div class=\"elementor-widget-container\">\n\t\t\t\t\t<h2 class=\"elementor-heading-title elementor-size-default\">M\u00f6bel f\u00fcr modernes urbanes Leben<\/h2>\t\t\t\t<\/div>\n\t\t\t\t<\/div>\n\t\t\t\t<div class=\"elementor-element elementor-element-4fe1cf6 elementor-widget elementor-widget-text-editor\" data-id=\"4fe1cf6\" data-element_type=\"widget\" data-e-type=\"widget\" data-widget_type=\"text-editor.default\">\n\t\t\t\t<div class=\"elementor-widget-container\">\n\t\t\t\t\t\t\t\t\t<p>TRAZOS ist eine M\u00f6belmarke aus M\u00fcnchen, die im Jahr 2025 gegr\u00fcndet wurde.<\/p><p>Unser Ziel ist es, hochwertige und charakterstarke M\u00f6bel f\u00fcr das urbane Leben zu entwickeln und anzubieten \u2013 mit einem ausgewogenen Zusammenspiel aus \u00c4sthetik, Funktionalit\u00e4t und Nachhaltigkeit.<\/p><p>Angetrieben von unserer Leidenschaft f\u00fcr zeitgem\u00e4\u00dfes Design und handwerkliche Qualit\u00e4t, entstehen langlebige Produkte, die Sch\u00f6nheit und Komfort im Alltag verbinden \u2013 zu einem fairen Preis.<\/p>\t\t\t\t\t\t\t\t<\/div>\n\t\t\t\t<\/div>\n\t\t\t\t<div class=\"elementor-element elementor-element-e88e57f elementor-widget elementor-widget-image\" data-id=\"e88e57f\" data-element_type=\"widget\" data-e-type=\"widget\" data-widget_type=\"image.default\">\n\t\t\t\t<div class=\"elementor-widget-container\">\n\t\t\t\t\t\t\t\t\t\t\t\t\t\t\t<img fetchpriority=\"high\" decoding=\"async\" width=\"800\" height=\"631\" src=\"https:\/\/www.trazos.de\/wp-content\/uploads\/2026\/03\/TRAZOS_Altea_Pop-Up_Store_1-1024x808.webp\" class=\"attachment-large size-large wp-image-9187\" alt=\"\" srcset=\"https:\/\/www.trazos.de\/wp-content\/uploads\/2026\/03\/TRAZOS_Altea_Pop-Up_Store_1-1024x808.webp 1024w, https:\/\/www.trazos.de\/wp-content\/uploads\/2026\/03\/TRAZOS_Altea_Pop-Up_Store_1-300x237.webp 300w, https:\/\/www.trazos.de\/wp-content\/uploads\/2026\/03\/TRAZOS_Altea_Pop-Up_Store_1-768x606.webp 768w, https:\/\/www.trazos.de\/wp-content\/uploads\/2026\/03\/TRAZOS_Altea_Pop-Up_Store_1-15x12.webp 15w, https:\/\/www.trazos.de\/wp-content\/uploads\/2026\/03\/TRAZOS_Altea_Pop-Up_Store_1-600x473.webp 600w, https:\/\/www.trazos.de\/wp-content\/uploads\/2026\/03\/TRAZOS_Altea_Pop-Up_Store_1.webp 1282w\" sizes=\"(max-width: 800px) 100vw, 800px\" title=\"\">\t\t\t\t\t\t\t\t\t\t\t\t\t\t\t<\/div>\n\t\t\t\t<\/div>\n\t\t\t\t<div class=\"elementor-element elementor-element-ebae014 elementor-widget elementor-widget-heading\" data-id=\"ebae014\" data-element_type=\"widget\" data-e-type=\"widget\" data-widget_type=\"heading.default\">\n\t\t\t\t<div class=\"elementor-widget-container\">\n\t\t\t\t\t<h2 class=\"elementor-heading-title elementor-size-default\">Unsere Geschichte<\/h2>\t\t\t\t<\/div>\n\t\t\t\t<\/div>\n\t\t\t\t<div class=\"elementor-element elementor-element-52288e8 elementor-widget elementor-widget-text-editor\" data-id=\"52288e8\" data-element_type=\"widget\" data-e-type=\"widget\" data-widget_type=\"text-editor.default\">\n\t\t\t\t<div class=\"elementor-widget-container\">\n\t\t\t\t\t\t\t\t\t<p>Nach mehreren Jahren, in denen wir als Designstudio Produkte f\u00fcr unterschiedliche Auftraggeber entwickelt haben, entstand der Wunsch, eigene M\u00f6bel zu gestalten.<\/p><p>Mit unserer langj\u00e4hrigen Erfahrung im Outdoor-Bereich lag es nahe, mit einer eigenen Outdoor-Kollektion zu beginnen. So markiert ALTEA den Auftakt unserer M\u00f6belmarke TRAZOS.<\/p><p>Unser Ziel ist es, hochwertiges Design durch transparente und innovative Prozesse mehr Menschen zug\u00e4nglich zu machen. Indem wir unsere Produkte selbst entwickeln und direkt vertreiben, schaffen wir zus\u00e4tzlichen Mehrwert f\u00fcr unsere Kundinnen und Kunden.<\/p><p>Bei TRAZOS stehen Gestaltung, Qualit\u00e4t und handwerkliche Pr\u00e4zision im Mittelpunkt. Wir entwickeln eigenst\u00e4ndige, durchdachte Produkte, in denen rationale Klarheit und emotionale Ausdruckskraft zusammenfinden \u2013 M\u00f6bel, die funktional sind und zugleich inspirieren.<\/p><p>Wir freuen uns, diesen Weg gemeinsam mit Ihnen zu gehen \u2013 beginnend mit ALTEA, unserer ersten Kollektion.<\/p>\t\t\t\t\t\t\t\t<\/div>\n\t\t\t\t<\/div>\n\t\t\t\t<div class=\"elementor-element elementor-element-dacb10f elementor-widget elementor-widget-heading\" data-id=\"dacb10f\" data-element_type=\"widget\" data-e-type=\"widget\" data-widget_type=\"heading.default\">\n\t\t\t\t<div class=\"elementor-widget-container\">\n\t\t\t\t\t<h2 class=\"elementor-heading-title elementor-size-default\">Die Bedeutung von TRAZOS<\/h2>\t\t\t\t<\/div>\n\t\t\t\t<\/div>\n\t\t\t\t<div class=\"elementor-element elementor-element-cdf9a3d elementor-widget elementor-widget-text-editor\" data-id=\"cdf9a3d\" data-element_type=\"widget\" data-e-type=\"widget\" data-widget_type=\"text-editor.default\">\n\t\t\t\t<div class=\"elementor-widget-container\">\n\t\t\t\t\t\t\t\t\t<p>Im Spanischen bedeutet <em>trazos<\/em> \u201eLinien\u201c oder \u201eStriche\u201c \u2013 die Grundlage jeder Zeichnung und jedes Entwurfs.<\/p><p>F\u00fcr uns steht dieser Begriff f\u00fcr Klarheit, Intention und die Sch\u00f6nheit der Reduktion. Jedes unserer Produkte beginnt mit einer Linie \u2013 einer Geste, die Form, Funktion und Wirkung bestimmt.<\/p><p>TRAZOS steht f\u00fcr eine Designphilosophie, in der Pr\u00e4zision und Emotion zusammenfinden und jede Linie eine Geschichte von Handwerk, Zweck und Verbindung erz\u00e4hlt.<\/p>\t\t\t\t\t\t\t\t<\/div>\n\t\t\t\t<\/div>\n\t\t\t\t<\/div>\n\t\t\t\t\t<\/div>\n\t\t\t\t<\/div>\n\t\t<div class=\"elementor-element elementor-element-eea05e6 e-flex e-con-boxed e-con e-parent\" data-id=\"eea05e6\" data-element_type=\"container\" data-e-type=\"container\">\n\t\t\t\t\t<div class=\"e-con-inner\">\n\t\t\t\t<div class=\"elementor-element elementor-element-135c9de elementor-widget__width-initial elementor-widget elementor-widget-heading\" data-id=\"135c9de\" data-element_type=\"widget\" data-e-type=\"widget\" data-widget_type=\"heading.default\">\n\t\t\t\t<div class=\"elementor-widget-container\">\n\t\t\t\t\t<h2 class=\"elementor-heading-title elementor-size-default\">Die M\u00f6bel von TRAZOS laden dazu ein, innezuhalten, durchzuatmen und Verbindungen zu schaffen \u2013 mit der Natur, mit anderen Menschen und mit sich selbst.<\/h2>\t\t\t\t<\/div>\n\t\t\t\t<\/div>\n\t\t\t\t<div class=\"elementor-element elementor-element-1604064 elementor-widget__width-initial elementor-widget elementor-widget-heading\" data-id=\"1604064\" data-element_type=\"widget\" data-e-type=\"widget\" data-widget_type=\"heading.default\">\n\t\t\t\t<div class=\"elementor-widget-container\">\n\t\t\t\t\t<h2 class=\"elementor-heading-title elementor-size-default\">Jan Andr\u00e9s Ben\u00f6hr, Gr\u00fcnder &amp; Gesch\u00e4ftsf\u00fchrer<\/h2>\t\t\t\t<\/div>\n\t\t\t\t<\/div>\n\t\t\t\t\t<\/div>\n\t\t\t\t<\/div>\n\t\t\t\t<\/div>\n\t\t","protected":false},"excerpt":{"rendered":"<p>\u00dcber uns M\u00f6bel f\u00fcr modernes urbanes Leben TRAZOS ist eine M\u00f6belmarke aus M\u00fcnchen, die im Jahr 2025 gegr\u00fcndet wurde. Unser Ziel ist es, hochwertige und charakterstarke M\u00f6bel f\u00fcr das urbane Leben zu entwickeln und anzubieten \u2013 mit einem ausgewogenen Zusammenspiel aus \u00c4sthetik, Funktionalit\u00e4t und Nachhaltigkeit. Angetrieben von unserer Leidenschaft f\u00fcr zeitgem\u00e4\u00dfes Design und handwerkliche Qualit\u00e4t, [&hellip;]<\/p>\n","protected":false},"author":1,"featured_media":0,"parent":0,"menu_order":0,"comment_status":"closed","ping_status":"closed","template":"","meta":{"_acf_changed":false,"footnotes":""},"class_list":["post-57","page","type-page","status-publish","hentry"],"acf":[],"_links":{"self":[{"href":"https:\/\/www.trazos.de\/en\/wp-json\/wp\/v2\/pages\/57","targetHints":{"allow":["GET"]}}],"collection":[{"href":"https:\/\/www.trazos.de\/en\/wp-json\/wp\/v2\/pages"}],"about":[{"href":"https:\/\/www.trazos.de\/en\/wp-json\/wp\/v2\/types\/page"}],"author":[{"embeddable":true,"href":"https:\/\/www.trazos.de\/en\/wp-json\/wp\/v2\/users\/1"}],"replies":[{"embeddable":true,"href":"https:\/\/www.trazos.de\/en\/wp-json\/wp\/v2\/comments?post=57"}],"version-history":[{"count":194,"href":"https:\/\/www.trazos.de\/en\/wp-json\/wp\/v2\/pages\/57\/revisions"}],"predecessor-version":[{"id":9190,"href":"https:\/\/www.trazos.de\/en\/wp-json\/wp\/v2\/pages\/57\/revisions\/9190"}],"wp:attachment":[{"href":"https:\/\/www.trazos.de\/en\/wp-json\/wp\/v2\/media?parent=57"}],"curies":[{"name":"wp","href":"https:\/\/api.w.org\/{rel}","templated":true}]}}