{"id":263,"date":"2025-06-16T16:11:12","date_gmt":"2025-06-16T16:11:12","guid":{"rendered":"\/?page_id=263"},"modified":"2026-03-23T20:05:43","modified_gmt":"2026-03-23T18:05:43","slug":"privacy-policy","status":"publish","type":"page","link":"https:\/\/www.trazos.de\/en\/privacy-policy\/","title":{"rendered":"Privacy Policy"},"content":{"rendered":"\t\t<div data-elementor-type=\"wp-page\" data-elementor-id=\"263\" class=\"elementor elementor-263\" data-elementor-post-type=\"page\">\n\t\t\t\t<div class=\"elementor-element elementor-element-ad61678 e-flex e-con-boxed e-con e-parent\" data-id=\"ad61678\" data-element_type=\"container\" data-e-type=\"container\">\n\t\t\t\t\t<div class=\"e-con-inner\">\n\t\t<div class=\"elementor-element elementor-element-ef9fdc6 e-con-full e-flex e-con e-child\" data-id=\"ef9fdc6\" data-element_type=\"container\" data-e-type=\"container\">\n\t\t\t\t<div class=\"elementor-element elementor-element-ff5af8e elementor-widget elementor-widget-heading\" data-id=\"ff5af8e\" data-element_type=\"widget\" data-e-type=\"widget\" data-settings=\"{&quot;sticky&quot;:&quot;top&quot;,&quot;sticky_on&quot;:[&quot;desktop&quot;,&quot;tablet&quot;],&quot;sticky_offset&quot;:100,&quot;sticky_parent&quot;:&quot;yes&quot;,&quot;sticky_effects_offset&quot;:0,&quot;sticky_anchor_link_offset&quot;:0}\" data-widget_type=\"heading.default\">\n\t\t\t\t<div class=\"elementor-widget-container\">\n\t\t\t\t\t<h1 class=\"elementor-heading-title elementor-size-default\">Datenschutz-erkl\u00e4rung<\/h1>\t\t\t\t<\/div>\n\t\t\t\t<\/div>\n\t\t\t\t<div class=\"elementor-element elementor-element-2bc31b4 elementor-icon-list--layout-traditional elementor-list-item-link-full_width elementor-widget elementor-widget-icon-list\" data-id=\"2bc31b4\" data-element_type=\"widget\" data-e-type=\"widget\" data-settings=\"{&quot;sticky&quot;:&quot;top&quot;,&quot;sticky_on&quot;:[&quot;desktop&quot;,&quot;tablet&quot;],&quot;sticky_offset&quot;:500,&quot;sticky_effects_offset&quot;:0,&quot;sticky_anchor_link_offset&quot;:0}\" data-widget_type=\"icon-list.default\">\n\t\t\t\t<div class=\"elementor-widget-container\">\n\t\t\t\t\t\t\t<ul class=\"elementor-icon-list-items\">\n\t\t\t\t\t\t\t<li class=\"elementor-icon-list-item\">\n\t\t\t\t\t\t\t\t\t\t\t<a href=\"\/term-conditions\/\">\n\n\t\t\t\t\t\t\t\t\t\t\t<span class=\"elementor-icon-list-text\">AGB<\/span>\n\t\t\t\t\t\t\t\t\t\t\t<\/a>\n\t\t\t\t\t\t\t\t\t<\/li>\n\t\t\t\t\t\t\t\t<li class=\"elementor-icon-list-item\">\n\t\t\t\t\t\t\t\t\t\t\t<a href=\"\/widerrufsrecht\">\n\n\t\t\t\t\t\t\t\t\t\t\t<span class=\"elementor-icon-list-text\">Widerrufsrecht<\/span>\n\t\t\t\t\t\t\t\t\t\t\t<\/a>\n\t\t\t\t\t\t\t\t\t<\/li>\n\t\t\t\t\t\t\t\t<li class=\"elementor-icon-list-item\">\n\t\t\t\t\t\t\t\t\t\t\t<a href=\"\/legal-disclosure\">\n\n\t\t\t\t\t\t\t\t\t\t\t<span class=\"elementor-icon-list-text\">Impressum<\/span>\n\t\t\t\t\t\t\t\t\t\t\t<\/a>\n\t\t\t\t\t\t\t\t\t<\/li>\n\t\t\t\t\t\t<\/ul>\n\t\t\t\t\t\t<\/div>\n\t\t\t\t<\/div>\n\t\t\t\t<\/div>\n\t\t<div class=\"elementor-element elementor-element-dcac743 e-con-full e-flex e-con e-child\" data-id=\"dcac743\" data-element_type=\"container\" data-e-type=\"container\">\n\t\t\t\t<div class=\"elementor-element elementor-element-61d70b6 elementor-widget elementor-widget-text-editor\" data-id=\"61d70b6\" data-element_type=\"widget\" data-e-type=\"widget\" data-widget_type=\"text-editor.default\">\n\t\t\t\t<div class=\"elementor-widget-container\">\n\t\t\t\t\t\t\t\t\t<p><strong>Datenschutzerkl\u00e4rung<\/strong><\/p><p>Revision: 1<br \/>Letzte Aktualisierung: 17. Februar 2026<\/p><p><strong><br \/><\/strong><strong>VERARBEITUNG PERSONENBEZOGENER DATEN<\/strong><\/p><p><strong>1. Was sind personenbezogene Daten<br \/><\/strong>Personenbezogene Daten sind alle Informationen, die sich auf eine identifizierte oder identifizierbare nat\u00fcrliche Person beziehen, beispielsweise Ihre Kontaktdaten, Bestelldetails oder Produktinformationen.<\/p><p>Der Schutz Ihrer personenbezogenen Daten hat f\u00fcr TRAZOS hohe Priorit\u00e4t. Wir m\u00f6chten offen und transparent dar\u00fcber informieren, wie wir Ihre Daten verarbeiten. Diese Datenschutzerkl\u00e4rung erl\u00e4utert, wie Ihre personenbezogenen Daten verarbeitet und gesch\u00fctzt werden.<\/p><p><strong><br \/>2. Grunds\u00e4tze der Datenverarbeitung bei TRAZOS<br \/><\/strong>Bei der Verarbeitung Ihrer personenbezogenen Daten halten wir uns an folgende Grunds\u00e4tze:<\/p>\t\t\t\t\t\t\t\t<\/div>\n\t\t\t\t<\/div>\n\t\t\t\t<div class=\"elementor-element elementor-element-31a95c6 elementor-widget elementor-widget-text-editor\" data-id=\"31a95c6\" data-element_type=\"widget\" data-e-type=\"widget\" data-widget_type=\"text-editor.default\">\n\t\t\t\t<div class=\"elementor-widget-container\">\n\t\t\t\t\t\t\t\t\t<ol><li>Wir erheben personenbezogene Daten nur f\u00fcr festgelegte, eindeutige und rechtlich zul\u00e4ssige Zwecke.<\/li><li>Wir erheben nur solche personenbezogenen Daten, die f\u00fcr diese Zwecke erforderlich sind.<\/li><li>Wir verwenden personenbezogene Daten nicht f\u00fcr andere Zwecke als jene, f\u00fcr die sie erhoben wurden, es sei denn, dies ist hier angegeben oder Sie haben zuvor eingewilligt.<\/li><li>Wir geben personenbezogene Daten nicht an Dritte weiter, es sei denn, dies ist hier angegeben oder Sie haben zuvor eingewilligt.<\/li><li>Wir bem\u00fchen uns, Ihre Daten aktuell zu halten und bitten Sie, diese regelm\u00e4\u00dfig zu \u00fcberpr\u00fcfen.<\/li><li>Wir treffen angemessene technische und organisatorische Ma\u00dfnahmen, um Ihre Daten vor Verlust, Missbrauch, unbefugtem Zugriff, Ver\u00e4nderung oder unrechtm\u00e4\u00dfiger Verarbeitung zu sch\u00fctzen.<\/li><li>Sofern nicht anders angegeben, speichern wir personenbezogene Daten nur so lange, wie es f\u00fcr den jeweiligen Zweck erforderlich ist oder gesetzlich vorgeschrieben ist.<\/li><li>Wir speichern personenbezogene Daten nur so lange, wie dies zur Vertragserf\u00fcllung, zur Erf\u00fcllung gesetzlicher Aufbewahrungspflichten oder zur Durchsetzung von Garantie- und Gew\u00e4hrleistungsanspr\u00fcchen erforderlich ist.<\/li><\/ol>\t\t\t\t\t\t\t\t<\/div>\n\t\t\t\t<\/div>\n\t\t\t\t<div class=\"elementor-element elementor-element-cf21f92 elementor-widget elementor-widget-text-editor\" data-id=\"cf21f92\" data-element_type=\"widget\" data-e-type=\"widget\" data-widget_type=\"text-editor.default\">\n\t\t\t\t<div class=\"elementor-widget-container\">\n\t\t\t\t\t\t\t\t\t<p><strong>3. <\/strong><strong>Welche personenbezogenen Daten wir erheben und verarbeiten<br \/><\/strong>Wenn Sie mit TRAZOS \u00fcber unsere Website oder andere Kommunikationskan\u00e4le interagieren, erheben und verarbeiten wir personenbezogene Daten. Dazu k\u00f6nnen geh\u00f6ren:<\/p>\t\t\t\t\t\t\t\t<\/div>\n\t\t\t\t<\/div>\n\t\t\t\t<div class=\"elementor-element elementor-element-e497db1 elementor-widget elementor-widget-text-editor\" data-id=\"e497db1\" data-element_type=\"widget\" data-e-type=\"widget\" data-widget_type=\"text-editor.default\">\n\t\t\t\t<div class=\"elementor-widget-container\">\n\t\t\t\t\t\t\t\t\t<ol><li>Ihre pers\u00f6nlichen Angaben: Name, E-Mail-Adresse, Postanschrift (falls angegeben), Telefonnummer (falls angegeben), IP-Adresse sowie ggf. Sprache oder ungef\u00e4hre Standortdaten.<\/li><li>Kaufdaten: Bestelldetails, Lieferadresse, Produkte, Mengen, Kaufdatum sowie Zahlungsinformationen, die durch Zahlungsdienstleister verarbeitet werden.<\/li><li>Anfragen an den Kundenservice oder technischen Support.<\/li><li>Informationen aus Umfragen oder Feedbackformularen.<\/li><li>Nutzungsdaten aus Cookies und \u00e4hnlichen Technologien.<\/li><li>Sonstige personenbezogene Daten, die Sie uns aktiv \u00fcbermitteln.<\/li><\/ol>\t\t\t\t\t\t\t\t<\/div>\n\t\t\t\t<\/div>\n\t\t\t\t<div class=\"elementor-element elementor-element-74b2620 elementor-widget elementor-widget-text-editor\" data-id=\"74b2620\" data-element_type=\"widget\" data-e-type=\"widget\" data-widget_type=\"text-editor.default\">\n\t\t\t\t<div class=\"elementor-widget-container\">\n\t\t\t\t\t\t\t\t\t<p><strong>4. <\/strong><strong>Zwecke der Verarbeitung personenbezogener Daten<br \/><\/strong>Wir verarbeiten Ihre personenbezogenen Daten zu folgenden Zwecken:<\/p>\t\t\t\t\t\t\t\t<\/div>\n\t\t\t\t<\/div>\n\t\t\t\t<div class=\"elementor-element elementor-element-75bc137 elementor-widget elementor-widget-text-editor\" data-id=\"75bc137\" data-element_type=\"widget\" data-e-type=\"widget\" data-widget_type=\"text-editor.default\">\n\t\t\t\t<div class=\"elementor-widget-container\">\n\t\t\t\t\t\t\t\t\t<ol><li>Vertragsabwicklung, Lieferung und Kundenservice<\/li><li>Verwaltung von Garantie- oder Gew\u00e4hrleistungsf\u00e4llen<\/li><li>Kommunikation \u00fcber Bestellungen oder Anfragen<\/li><li>Marketinginformationen auf Grundlage Ihrer Einwilligung<\/li><li>Verbesserung unserer Dienstleistungen und Nutzererfahrung<\/li><\/ol>\t\t\t\t\t\t\t\t<\/div>\n\t\t\t\t<\/div>\n\t\t\t\t<div class=\"elementor-element elementor-element-7b83624 elementor-widget elementor-widget-text-editor\" data-id=\"7b83624\" data-element_type=\"widget\" data-e-type=\"widget\" data-widget_type=\"text-editor.default\">\n\t\t\t\t<div class=\"elementor-widget-container\">\n\t\t\t\t\t\t\t\t\t<p><strong>5. Wo wir Ihre Daten speichern<br \/><\/strong>Grunds\u00e4tzlich speichern und verarbeiten wir Daten innerhalb des Europ\u00e4ischen Wirtschaftsraums (EWR).<br \/>Falls Daten au\u00dferhalb des EWR \u00fcbertragen werden, stellen wir sicher, dass angemessene Schutzma\u00dfnahmen bestehen.<br \/><br \/><\/p><p><strong>6. Weitergabe an Dritte<br \/><\/strong>Wir verkaufen keine personenbezogenen Daten.<\/p><p>Eine Weitergabe erfolgt nur:<br \/>\u00a0 &#8211;\u00a0 \u00a0zur Vertragserf\u00fcllung (z. B. Versand- oder Zahlungsdienstleister)<br \/>\u00a0 &#8211;\u00a0 \u00a0zur Erf\u00fcllung gesetzlicher Verpflichtungen<br \/>\u00a0 &#8211;\u00a0 \u00a0an Dienstleister, die Daten in unserem Auftrag verarbeiten<\/p><p>Diese Dienstleister sind vertraglich verpflichtet, Ihre Daten nur gem\u00e4\u00df unseren Anweisungen zu verarbeiten.<br \/><br \/><\/p><p><strong>7. Cookies<br \/><\/strong>Wir verwenden Cookies und \u00e4hnliche Technologien, um die Nutzung unserer Website zu analysieren, Funktionen bereitzustellen und Inhalte zu personalisieren.<\/p><p>Cookies sind kleine Textdateien, die auf Ihrem Ger\u00e4t gespeichert werden. Sie helfen uns unter anderem, Ihre Einstellungen zu speichern, die Nutzung unserer Website zu verstehen und Sicherheitsfunktionen bereitzustellen.<\/p><p>Technisch notwendige Cookies werden automatisch gesetzt. Andere Cookies verwenden wir nur mit Ihrer Einwilligung \u00fcber unser Cookie-Banner.<\/p><p>Sie k\u00f6nnen Ihre Cookie-Einstellungen jederzeit in Ihrem Browser oder \u00fcber das Cookie-Banner anpassen oder widerrufen. Das Deaktivieren von Cookies kann dazu f\u00fchren, dass bestimmte Funktionen der Website eingeschr\u00e4nkt sind.<\/p><p><strong><br \/>8. Verantwortlicher<br \/><\/strong>Verantwortlich f\u00fcr die Verarbeitung Ihrer personenbezogenen Daten ist:<br \/><br \/>TRAZOS<br \/>Jan Andr\u00e9s Ben\u00f6hr<br \/>Harthauser Stra\u00dfe 79<br \/>81545 M\u00fcnchen<br \/>Deutschland<\/p><p><strong><br \/>9. Ihre Rechte<br \/><\/strong>Sie haben das Recht auf Auskunft, Berichtigung, L\u00f6schung, Einschr\u00e4nkung der Verarbeitung, Daten\u00fcbertragbarkeit und Widerspruch gegen die Verarbeitung.<\/p><p><strong><br \/>10. Beschwerden<br \/><\/strong>Sie k\u00f6nnen sich jederzeit an uns wenden oder an die zust\u00e4ndige Aufsichtsbeh\u00f6rde:<\/p><p>Bayerisches Landesamt f\u00fcr Datenschutzaufsicht (BayLDA)<br \/>Promenade 18<br \/>91522 Ansbach<br \/><span style=\"text-decoration: underline;\">poststelle@lda.bayern.de<\/span><\/p><p><strong><br \/>11. Contact details<br \/><\/strong>Bei Fragen zum Datenschutz kontaktieren Sie uns bitte:<\/p><p>TRAZOS, Harthauser Stra\u00dfe 79, 81545 M\u00fcnchen, Deutschland<br \/>oder per E-Mail an <span style=\"text-decoration: underline;\"><a href=\"mailto:support@trazos.de\">support@trazos.de.<\/a><\/span><\/p>\t\t\t\t\t\t\t\t<\/div>\n\t\t\t\t<\/div>\n\t\t\t\t<\/div>\n\t\t\t\t\t<\/div>\n\t\t\t\t<\/div>\n\t\t\t\t<\/div>\n\t\t","protected":false},"excerpt":{"rendered":"<p>Datenschutz-erkl\u00e4rung AGB Widerrufsrecht Impressum Datenschutzerkl\u00e4rung Revision: 1Letzte Aktualisierung: 17. Februar 2026 VERARBEITUNG PERSONENBEZOGENER DATEN 1. Was sind personenbezogene DatenPersonenbezogene Daten sind alle Informationen, die sich auf eine identifizierte oder identifizierbare nat\u00fcrliche Person beziehen, beispielsweise Ihre Kontaktdaten, Bestelldetails oder Produktinformationen. Der Schutz Ihrer personenbezogenen Daten hat f\u00fcr TRAZOS hohe Priorit\u00e4t. Wir m\u00f6chten offen und transparent dar\u00fcber [&hellip;]<\/p>\n","protected":false},"author":1,"featured_media":0,"parent":0,"menu_order":0,"comment_status":"closed","ping_status":"closed","template":"","meta":{"_acf_changed":false,"footnotes":""},"class_list":["post-263","page","type-page","status-publish","hentry"],"acf":[],"_links":{"self":[{"href":"https:\/\/www.trazos.de\/en\/wp-json\/wp\/v2\/pages\/263","targetHints":{"allow":["GET"]}}],"collection":[{"href":"https:\/\/www.trazos.de\/en\/wp-json\/wp\/v2\/pages"}],"about":[{"href":"https:\/\/www.trazos.de\/en\/wp-json\/wp\/v2\/types\/page"}],"author":[{"embeddable":true,"href":"https:\/\/www.trazos.de\/en\/wp-json\/wp\/v2\/users\/1"}],"replies":[{"embeddable":true,"href":"https:\/\/www.trazos.de\/en\/wp-json\/wp\/v2\/comments?post=263"}],"version-history":[{"count":184,"href":"https:\/\/www.trazos.de\/en\/wp-json\/wp\/v2\/pages\/263\/revisions"}],"predecessor-version":[{"id":9127,"href":"https:\/\/www.trazos.de\/en\/wp-json\/wp\/v2\/pages\/263\/revisions\/9127"}],"wp:attachment":[{"href":"https:\/\/www.trazos.de\/en\/wp-json\/wp\/v2\/media?parent=263"}],"curies":[{"name":"wp","href":"https:\/\/api.w.org\/{rel}","templated":true}]}}