{"id":145,"date":"2025-06-12T17:02:13","date_gmt":"2025-06-12T17:02:13","guid":{"rendered":"\/?page_id=145"},"modified":"2026-02-16T19:12:48","modified_gmt":"2026-02-16T17:12:48","slug":"warranty","status":"publish","type":"page","link":"https:\/\/www.trazos.de\/en\/warranty\/","title":{"rendered":"Warranty"},"content":{"rendered":"\t\t<div data-elementor-type=\"wp-page\" data-elementor-id=\"145\" class=\"elementor elementor-145\" data-elementor-post-type=\"page\">\n\t\t\t\t<div class=\"elementor-element elementor-element-bdf3a49 e-flex e-con-boxed e-con e-parent\" data-id=\"bdf3a49\" data-element_type=\"container\" data-e-type=\"container\">\n\t\t\t\t\t<div class=\"e-con-inner\">\n\t\t<div class=\"elementor-element elementor-element-df71936 e-con-full e-flex e-con e-child\" data-id=\"df71936\" data-element_type=\"container\" data-e-type=\"container\">\n\t\t\t\t<div class=\"elementor-element elementor-element-e46a8f0 elementor-widget elementor-widget-heading\" data-id=\"e46a8f0\" data-element_type=\"widget\" data-e-type=\"widget\" data-settings=\"{&quot;sticky&quot;:&quot;top&quot;,&quot;sticky_on&quot;:[&quot;desktop&quot;,&quot;tablet&quot;],&quot;sticky_offset&quot;:100,&quot;sticky_parent&quot;:&quot;yes&quot;,&quot;sticky_effects_offset&quot;:0,&quot;sticky_anchor_link_offset&quot;:0}\" data-widget_type=\"heading.default\">\n\t\t\t\t<div class=\"elementor-widget-container\">\n\t\t\t\t\t<h2 class=\"elementor-heading-title elementor-size-default\">5-j\u00e4hrige Garantie<\/h2>\t\t\t\t<\/div>\n\t\t\t\t<\/div>\n\t\t\t\t<div class=\"elementor-element elementor-element-7663e47 elementor-nav-menu--dropdown-none elementor-nav-menu__align-start elementor-widget elementor-widget-nav-menu\" data-id=\"7663e47\" data-element_type=\"widget\" data-e-type=\"widget\" data-settings=\"{&quot;layout&quot;:&quot;vertical&quot;,&quot;sticky&quot;:&quot;top&quot;,&quot;sticky_on&quot;:[&quot;desktop&quot;,&quot;tablet&quot;],&quot;sticky_offset&quot;:500,&quot;sticky_parent&quot;:&quot;yes&quot;,&quot;submenu_icon&quot;:{&quot;value&quot;:&quot;&lt;svg class=\\&quot;e-font-icon-svg e-fas-caret-down\\&quot; viewBox=\\&quot;0 0 320 512\\&quot; xmlns=\\&quot;http:\\\/\\\/www.w3.org\\\/2000\\\/svg\\&quot;&gt;&lt;path d=\\&quot;M31.3 192h257.3c17.8 0 26.7 21.5 14.1 34.1L174.1 354.8c-7.8 7.8-20.5 7.8-28.3 0L17.2 226.1C4.6 213.5 13.5 192 31.3 192z\\&quot;&gt;&lt;\\\/path&gt;&lt;\\\/svg&gt;&quot;,&quot;library&quot;:&quot;fa-solid&quot;},&quot;sticky_effects_offset&quot;:0,&quot;sticky_anchor_link_offset&quot;:0}\" data-widget_type=\"nav-menu.default\">\n\t\t\t\t<div class=\"elementor-widget-container\">\n\t\t\t\t\t\t\t\t<nav aria-label=\"Menu\" class=\"elementor-nav-menu--main elementor-nav-menu__container elementor-nav-menu--layout-vertical e--pointer-underline e--animation-fade\">\n\t\t\t\t<ul id=\"menu-1-7663e47\" class=\"elementor-nav-menu sm-vertical\"><li class=\"menu-item menu-item-type-post_type menu-item-object-page menu-item-319\"><a href=\"https:\/\/www.trazos.de\/en\/shipping\/\" class=\"elementor-item\">Versand<\/a><\/li>\n<li class=\"menu-item menu-item-type-post_type menu-item-object-page menu-item-351\"><a href=\"https:\/\/www.trazos.de\/en\/returns-and-refunds\/\" class=\"elementor-item\">R\u00fccksendung<\/a><\/li>\n<li class=\"menu-item menu-item-type-post_type menu-item-object-page menu-item-317\"><a href=\"https:\/\/www.trazos.de\/en\/care-instructions\/\" class=\"elementor-item\">Pflegehinweise<\/a><\/li>\n<li class=\"menu-item menu-item-type-post_type menu-item-object-page menu-item-318\"><a href=\"https:\/\/www.trazos.de\/en\/warranty\/\" class=\"elementor-item\">Garantie<\/a><\/li>\n<\/ul>\t\t\t<\/nav>\n\t\t\t\t\t\t<nav class=\"elementor-nav-menu--dropdown elementor-nav-menu__container\" aria-hidden=\"true\">\n\t\t\t\t<ul id=\"menu-2-7663e47\" class=\"elementor-nav-menu sm-vertical\"><li class=\"menu-item menu-item-type-post_type menu-item-object-page menu-item-319\"><a href=\"https:\/\/www.trazos.de\/en\/shipping\/\" class=\"elementor-item\" tabindex=\"-1\">Versand<\/a><\/li>\n<li class=\"menu-item menu-item-type-post_type menu-item-object-page menu-item-351\"><a href=\"https:\/\/www.trazos.de\/en\/returns-and-refunds\/\" class=\"elementor-item\" tabindex=\"-1\">R\u00fccksendung<\/a><\/li>\n<li class=\"menu-item menu-item-type-post_type menu-item-object-page menu-item-317\"><a href=\"https:\/\/www.trazos.de\/en\/care-instructions\/\" class=\"elementor-item\" tabindex=\"-1\">Pflegehinweise<\/a><\/li>\n<li class=\"menu-item menu-item-type-post_type menu-item-object-page menu-item-318\"><a href=\"https:\/\/www.trazos.de\/en\/warranty\/\" class=\"elementor-item\" tabindex=\"-1\">Garantie<\/a><\/li>\n<\/ul>\t\t\t<\/nav>\n\t\t\t\t\t\t<\/div>\n\t\t\t\t<\/div>\n\t\t\t\t<\/div>\n\t\t<div class=\"elementor-element elementor-element-0168627 e-con-full e-flex e-con e-child\" data-id=\"0168627\" data-element_type=\"container\" data-e-type=\"container\">\n\t\t\t\t<div class=\"elementor-element elementor-element-73672ef elementor-widget elementor-widget-heading\" data-id=\"73672ef\" data-element_type=\"widget\" data-e-type=\"widget\" data-widget_type=\"heading.default\">\n\t\t\t\t<div class=\"elementor-widget-container\">\n\t\t\t\t\t<h2 class=\"elementor-heading-title elementor-size-default\">Wie lange gilt die Garantie?<\/h2>\t\t\t\t<\/div>\n\t\t\t\t<\/div>\n\t\t\t\t<div class=\"elementor-element elementor-element-2b7c479 elementor-widget elementor-widget-text-editor\" data-id=\"2b7c479\" data-element_type=\"widget\" data-e-type=\"widget\" data-widget_type=\"text-editor.default\">\n\t\t\t\t<div class=\"elementor-widget-container\">\n\t\t\t\t\t\t\t\t\t<p>Bei TRAZOS sind wir \u00fcberzeugt, dass langlebige M\u00f6bel aus hochwertigen Materialien und sorgf\u00e4ltiger handwerklicher Verarbeitung entstehen. Deshalb gew\u00e4hren wir auf alle unsere Produkte eine erweiterte Garantie von 5 Jahren.<\/p><p>Diese Garantie gilt f\u00fcr unsere gesamte Kollektion und ist f\u00fcnf Jahre ab Erhalt der Ware g\u00fcltig. Sie umfasst funktionale M\u00e4ngel, Materialfehler sowie Herstellungsfehler bei Produkten, die f\u00fcr den privaten Gebrauch erworben wurden.<\/p><p>Die Garantie erlischt bei unsachgem\u00e4\u00dfer Nutzung oder physischer Besch\u00e4digung. Normale Abnutzung \u2013 insbesondere an Polstern, Gleitern, Oberfl\u00e4chen oder vergleichbaren Bauteilen \u2013 ist von der Garantie ausgeschlossen.<\/p><p>Ihre gesetzlichen Gew\u00e4hrleistungsrechte bleiben von dieser Garantie unber\u00fchrt.<\/p>\t\t\t\t\t\t\t\t<\/div>\n\t\t\t\t<\/div>\n\t\t\t\t<div class=\"elementor-element elementor-element-f838a07 elementor-widget elementor-widget-heading\" data-id=\"f838a07\" data-element_type=\"widget\" data-e-type=\"widget\" data-widget_type=\"heading.default\">\n\t\t\t\t<div class=\"elementor-widget-container\">\n\t\t\t\t\t<h2 class=\"elementor-heading-title elementor-size-default\">Was passiert im Garantiefall?<\/h2>\t\t\t\t<\/div>\n\t\t\t\t<\/div>\n\t\t\t\t<div class=\"elementor-element elementor-element-fdf2048 elementor-widget elementor-widget-text-editor\" data-id=\"fdf2048\" data-element_type=\"widget\" data-e-type=\"widget\" data-widget_type=\"text-editor.default\">\n\t\t\t\t<div class=\"elementor-widget-container\">\n\t\t\t\t\t\t\t\t\t<p>Im Falle eines Garantiefalls entscheidet TRAZOS \u00fcber die geeignete L\u00f6sung. Diese kann eine Reparatur, eine Minderung des Kaufpreises, einen Austausch gegen ein gleichwertiges Produkt oder eine vollst\u00e4ndige R\u00fcckerstattung umfassen.<\/p><p>Bei Fragen oder zur Meldung eines Garantiefalls wenden Sie sich bitte jederzeit an unseren\u00a0<a href=\"mailto:support@trazos.de\"><span style=\"text-decoration: underline;\">Kundensevice.<\/span><\/a><\/p>\t\t\t\t\t\t\t\t<\/div>\n\t\t\t\t<\/div>\n\t\t\t\t<\/div>\n\t\t\t\t\t<\/div>\n\t\t\t\t<\/div>\n\t\t\t\t<\/div>\n\t\t","protected":false},"excerpt":{"rendered":"<p>5-j\u00e4hrige Garantie Wie lange gilt die Garantie? Bei TRAZOS sind wir \u00fcberzeugt, dass langlebige M\u00f6bel aus hochwertigen Materialien und sorgf\u00e4ltiger handwerklicher Verarbeitung entstehen. Deshalb gew\u00e4hren wir auf alle unsere Produkte eine erweiterte Garantie von 5 Jahren. Diese Garantie gilt f\u00fcr unsere gesamte Kollektion und ist f\u00fcnf Jahre ab Erhalt der Ware g\u00fcltig. Sie umfasst funktionale [&hellip;]<\/p>\n","protected":false},"author":1,"featured_media":0,"parent":0,"menu_order":0,"comment_status":"closed","ping_status":"closed","template":"","meta":{"_acf_changed":false,"footnotes":""},"class_list":["post-145","page","type-page","status-publish","hentry"],"acf":[],"_links":{"self":[{"href":"https:\/\/www.trazos.de\/en\/wp-json\/wp\/v2\/pages\/145","targetHints":{"allow":["GET"]}}],"collection":[{"href":"https:\/\/www.trazos.de\/en\/wp-json\/wp\/v2\/pages"}],"about":[{"href":"https:\/\/www.trazos.de\/en\/wp-json\/wp\/v2\/types\/page"}],"author":[{"embeddable":true,"href":"https:\/\/www.trazos.de\/en\/wp-json\/wp\/v2\/users\/1"}],"replies":[{"embeddable":true,"href":"https:\/\/www.trazos.de\/en\/wp-json\/wp\/v2\/comments?post=145"}],"version-history":[{"count":46,"href":"https:\/\/www.trazos.de\/en\/wp-json\/wp\/v2\/pages\/145\/revisions"}],"predecessor-version":[{"id":6562,"href":"https:\/\/www.trazos.de\/en\/wp-json\/wp\/v2\/pages\/145\/revisions\/6562"}],"wp:attachment":[{"href":"https:\/\/www.trazos.de\/en\/wp-json\/wp\/v2\/media?parent=145"}],"curies":[{"name":"wp","href":"https:\/\/api.w.org\/{rel}","templated":true}]}}