{"id":140,"date":"2025-06-12T16:48:22","date_gmt":"2025-06-12T16:48:22","guid":{"rendered":"\/?page_id=140"},"modified":"2026-02-16T15:00:01","modified_gmt":"2026-02-16T13:00:01","slug":"shipping","status":"publish","type":"page","link":"https:\/\/www.trazos.de\/en\/shipping\/","title":{"rendered":"Shipping"},"content":{"rendered":"\t\t<div data-elementor-type=\"wp-page\" data-elementor-id=\"140\" class=\"elementor elementor-140\" data-elementor-post-type=\"page\">\n\t\t\t\t<div class=\"elementor-element elementor-element-1cfe16f e-flex e-con-boxed e-con e-parent\" data-id=\"1cfe16f\" data-element_type=\"container\" data-e-type=\"container\">\n\t\t\t\t\t<div class=\"e-con-inner\">\n\t\t<div class=\"elementor-element elementor-element-720d68e e-con-full e-flex e-con e-child\" data-id=\"720d68e\" data-element_type=\"container\" data-e-type=\"container\">\n\t\t\t\t<div class=\"elementor-element elementor-element-b9aaaba elementor-widget elementor-widget-heading\" data-id=\"b9aaaba\" data-element_type=\"widget\" data-e-type=\"widget\" data-settings=\"{&quot;sticky&quot;:&quot;top&quot;,&quot;sticky_on&quot;:[&quot;desktop&quot;,&quot;tablet&quot;],&quot;sticky_offset&quot;:100,&quot;sticky_parent&quot;:&quot;yes&quot;,&quot;sticky_effects_offset&quot;:0,&quot;sticky_anchor_link_offset&quot;:0}\" data-widget_type=\"heading.default\">\n\t\t\t\t<div class=\"elementor-widget-container\">\n\t\t\t\t\t<h1 class=\"elementor-heading-title elementor-size-default\">Versand\n<\/h1>\t\t\t\t<\/div>\n\t\t\t\t<\/div>\n\t\t\t\t<div class=\"elementor-element elementor-element-49ca764 elementor-nav-menu--dropdown-none elementor-widget elementor-widget-nav-menu\" data-id=\"49ca764\" data-element_type=\"widget\" data-e-type=\"widget\" data-settings=\"{&quot;layout&quot;:&quot;vertical&quot;,&quot;sticky&quot;:&quot;top&quot;,&quot;sticky_on&quot;:[&quot;desktop&quot;,&quot;tablet&quot;],&quot;sticky_offset&quot;:500,&quot;sticky_parent&quot;:&quot;yes&quot;,&quot;submenu_icon&quot;:{&quot;value&quot;:&quot;&lt;svg class=\\&quot;e-font-icon-svg e-fas-caret-down\\&quot; viewBox=\\&quot;0 0 320 512\\&quot; xmlns=\\&quot;http:\\\/\\\/www.w3.org\\\/2000\\\/svg\\&quot;&gt;&lt;path d=\\&quot;M31.3 192h257.3c17.8 0 26.7 21.5 14.1 34.1L174.1 354.8c-7.8 7.8-20.5 7.8-28.3 0L17.2 226.1C4.6 213.5 13.5 192 31.3 192z\\&quot;&gt;&lt;\\\/path&gt;&lt;\\\/svg&gt;&quot;,&quot;library&quot;:&quot;fa-solid&quot;},&quot;sticky_effects_offset&quot;:0,&quot;sticky_anchor_link_offset&quot;:0}\" data-widget_type=\"nav-menu.default\">\n\t\t\t\t<div class=\"elementor-widget-container\">\n\t\t\t\t\t\t\t\t<nav aria-label=\"Menu\" class=\"elementor-nav-menu--main elementor-nav-menu__container elementor-nav-menu--layout-vertical e--pointer-underline e--animation-fade\">\n\t\t\t\t<ul id=\"menu-1-49ca764\" class=\"elementor-nav-menu sm-vertical\"><li class=\"menu-item menu-item-type-post_type menu-item-object-page menu-item-319\"><a href=\"https:\/\/www.trazos.de\/en\/shipping\/\" class=\"elementor-item\">Versand<\/a><\/li>\n<li class=\"menu-item menu-item-type-post_type menu-item-object-page menu-item-351\"><a href=\"https:\/\/www.trazos.de\/en\/returns-and-refunds\/\" class=\"elementor-item\">R\u00fccksendung<\/a><\/li>\n<li class=\"menu-item menu-item-type-post_type menu-item-object-page menu-item-317\"><a href=\"https:\/\/www.trazos.de\/en\/care-instructions\/\" class=\"elementor-item\">Pflegehinweise<\/a><\/li>\n<li class=\"menu-item menu-item-type-post_type menu-item-object-page menu-item-318\"><a href=\"https:\/\/www.trazos.de\/en\/warranty\/\" class=\"elementor-item\">Garantie<\/a><\/li>\n<\/ul>\t\t\t<\/nav>\n\t\t\t\t\t\t<nav class=\"elementor-nav-menu--dropdown elementor-nav-menu__container\" aria-hidden=\"true\">\n\t\t\t\t<ul id=\"menu-2-49ca764\" class=\"elementor-nav-menu sm-vertical\"><li class=\"menu-item menu-item-type-post_type menu-item-object-page menu-item-319\"><a href=\"https:\/\/www.trazos.de\/en\/shipping\/\" class=\"elementor-item\" tabindex=\"-1\">Versand<\/a><\/li>\n<li class=\"menu-item menu-item-type-post_type menu-item-object-page menu-item-351\"><a href=\"https:\/\/www.trazos.de\/en\/returns-and-refunds\/\" class=\"elementor-item\" tabindex=\"-1\">R\u00fccksendung<\/a><\/li>\n<li class=\"menu-item menu-item-type-post_type menu-item-object-page menu-item-317\"><a href=\"https:\/\/www.trazos.de\/en\/care-instructions\/\" class=\"elementor-item\" tabindex=\"-1\">Pflegehinweise<\/a><\/li>\n<li class=\"menu-item menu-item-type-post_type menu-item-object-page menu-item-318\"><a href=\"https:\/\/www.trazos.de\/en\/warranty\/\" class=\"elementor-item\" tabindex=\"-1\">Garantie<\/a><\/li>\n<\/ul>\t\t\t<\/nav>\n\t\t\t\t\t\t<\/div>\n\t\t\t\t<\/div>\n\t\t\t\t<\/div>\n\t\t<div class=\"elementor-element elementor-element-e735105 e-con-full e-flex e-con e-child\" data-id=\"e735105\" data-element_type=\"container\" data-e-type=\"container\">\n\t\t\t\t<div class=\"elementor-element elementor-element-31ee82d elementor-widget elementor-widget-heading\" data-id=\"31ee82d\" data-element_type=\"widget\" data-e-type=\"widget\" data-widget_type=\"heading.default\">\n\t\t\t\t<div class=\"elementor-widget-container\">\n\t\t\t\t\t<h2 class=\"elementor-heading-title elementor-size-default\">Wann wird meine Bestellung geliefert?<\/h2>\t\t\t\t<\/div>\n\t\t\t\t<\/div>\n\t\t\t\t<div class=\"elementor-element elementor-element-9f79709 elementor-widget elementor-widget-text-editor\" data-id=\"9f79709\" data-element_type=\"widget\" data-e-type=\"widget\" data-widget_type=\"text-editor.default\">\n\t\t\t\t<div class=\"elementor-widget-container\">\n\t\t\t\t\t\t\t\t\t<p>So funktioniert es:<\/p><p>Sie bestellen \u2192\u00a0 wir bearbeiten \u2192\u00a0 wir versenden \u2192\u00a0 Sie erhalten Ihre M\u00f6bel.<\/p><p>Die Bestellung selbst dauert nur einen Moment. Die regul\u00e4re Bearbeitungszeit betr\u00e4gt 2\u20133 Werktage. Anschlie\u00dfend wird Ihre Bestellung an unseren Versandpartner \u00fcbergeben. Von dort kann die Zustellung \u2013 je nach Umfang der Bestellung \u2013 bis zu 12 Werktage dauern.<\/p><p>Insgesamt k\u00f6nnen Sie Ihre Bestellung in der Regel innerhalb von 15 Werktagen ab Kaufdatum erwarten \u2013 sofern beim jeweiligen Produkt nichts anderes angegeben ist.<\/p><p>Sobald Ihre Bestellung unser Lager verl\u00e4sst, erhalten Sie eine Versandbest\u00e4tigung per E-Mail mit Tracking-Link. Ihre M\u00f6bel sind unterwegs!<\/p>\t\t\t\t\t\t\t\t<\/div>\n\t\t\t\t<\/div>\n\t\t\t\t<div class=\"elementor-element elementor-element-97331c7 elementor-widget elementor-widget-heading\" data-id=\"97331c7\" data-element_type=\"widget\" data-e-type=\"widget\" data-widget_type=\"heading.default\">\n\t\t\t\t<div class=\"elementor-widget-container\">\n\t\t\t\t\t<h2 class=\"elementor-heading-title elementor-size-default\">Wohin liefern wir?<\/h2>\t\t\t\t<\/div>\n\t\t\t\t<\/div>\n\t\t\t\t<div class=\"elementor-element elementor-element-b26d837 elementor-widget elementor-widget-text-editor\" data-id=\"b26d837\" data-element_type=\"widget\" data-e-type=\"widget\" data-widget_type=\"text-editor.default\">\n\t\t\t\t<div class=\"elementor-widget-container\">\n\t\t\t\t\t\t\t\t\t<p>Aktuell liefern wir in folgende L\u00e4nder:<\/p><ul><li>Deutschland<\/li><li>\u00d6sterreich<\/li><li>Belgien<\/li><li>Niederlande<\/li><\/ul>\t\t\t\t\t\t\t\t<\/div>\n\t\t\t\t<\/div>\n\t\t\t\t<div class=\"elementor-element elementor-element-0b069c8 elementor-widget elementor-widget-text-editor\" data-id=\"0b069c8\" data-element_type=\"widget\" data-e-type=\"widget\" data-widget_type=\"text-editor.default\">\n\t\t\t\t<div class=\"elementor-widget-container\">\n\t\t\t\t\t\t\t\t\t<p>Falls Sie sich in einem anderen Land befinden, kontaktieren Sie uns gerne unter <a href=\"mailto:support@trazos.de\"><span style=\"text-decoration: underline;\">support@trazos.de <\/span><\/a>&#8211; wir pr\u00fcfen, ob eine individuelle Lieferung m\u00f6glich ist, und erstellen Ihnen ein Angebot.<\/p><p>Zudem arbeiten wir daran, unser Liefernetzwerk auf weitere europ\u00e4ische L\u00e4nder auszuweiten.<\/p>\t\t\t\t\t\t\t\t<\/div>\n\t\t\t\t<\/div>\n\t\t\t\t<div class=\"elementor-element elementor-element-83d970e elementor-widget elementor-widget-heading\" data-id=\"83d970e\" data-element_type=\"widget\" data-e-type=\"widget\" data-widget_type=\"heading.default\">\n\t\t\t\t<div class=\"elementor-widget-container\">\n\t\t\t\t\t<h2 class=\"elementor-heading-title elementor-size-default\">Wie hoch sind die Versandkosten?<\/h2>\t\t\t\t<\/div>\n\t\t\t\t<\/div>\n\t\t\t\t<div class=\"elementor-element elementor-element-77f1488 elementor-widget elementor-widget-text-editor\" data-id=\"77f1488\" data-element_type=\"widget\" data-e-type=\"widget\" data-widget_type=\"text-editor.default\">\n\t\t\t\t<div class=\"elementor-widget-container\">\n\t\t\t\t\t\t\t\t\t<p>Die Lieferung erfolgt per Spedition. Je nach Bestellumfang und Lieferadresse liegen die Versandkosten in der Regel zwischen 60 \u20ac und 120 \u20ac pro Bestellung.<\/p><p>Den genauen Preis sehen Sie transparent im Checkout, bevor Sie Ihre Bestellung abschlie\u00dfen.<\/p><p>Um die Versandkosten m\u00f6glichst zug\u00e4nglich zu halten, bieten wir innerhalb der jeweiligen L\u00e4nder standardisierte Versandtarife an.\u00a0In einigen Regionen \u00fcbernimmt TRAZOS dabei einen Teil der Lieferkosten.<\/p><p>F\u00fcr B2B-Anfragen oder internationale Lieferungen au\u00dferhalb unserer aktuellen Ziell\u00e4nder organisieren wir gerne individuelle L\u00f6sungen.<\/p><p>Kontaktieren Sie uns dazu bitte via E-Mail f\u00fcr ein pers\u00f6nliches Angebot:\u00a0<span style=\"text-decoration: underline;\"><a href=\"mailto:contract@trazos.de\">contract@trazos.de<\/a><\/span><\/p>\t\t\t\t\t\t\t\t<\/div>\n\t\t\t\t<\/div>\n\t\t\t\t<\/div>\n\t\t\t\t\t<\/div>\n\t\t\t\t<\/div>\n\t\t\t\t<\/div>\n\t\t","protected":false},"excerpt":{"rendered":"<p>Versand Wann wird meine Bestellung geliefert? So funktioniert es: Sie bestellen \u2192\u00a0 wir bearbeiten \u2192\u00a0 wir versenden \u2192\u00a0 Sie erhalten Ihre M\u00f6bel. Die Bestellung selbst dauert nur einen Moment. Die regul\u00e4re Bearbeitungszeit betr\u00e4gt 2\u20133 Werktage. Anschlie\u00dfend wird Ihre Bestellung an unseren Versandpartner \u00fcbergeben. Von dort kann die Zustellung \u2013 je nach Umfang der Bestellung \u2013 [&hellip;]<\/p>\n","protected":false},"author":1,"featured_media":0,"parent":0,"menu_order":0,"comment_status":"closed","ping_status":"closed","template":"","meta":{"_acf_changed":false,"footnotes":""},"class_list":["post-140","page","type-page","status-publish","hentry"],"acf":[],"_links":{"self":[{"href":"https:\/\/www.trazos.de\/en\/wp-json\/wp\/v2\/pages\/140","targetHints":{"allow":["GET"]}}],"collection":[{"href":"https:\/\/www.trazos.de\/en\/wp-json\/wp\/v2\/pages"}],"about":[{"href":"https:\/\/www.trazos.de\/en\/wp-json\/wp\/v2\/types\/page"}],"author":[{"embeddable":true,"href":"https:\/\/www.trazos.de\/en\/wp-json\/wp\/v2\/users\/1"}],"replies":[{"embeddable":true,"href":"https:\/\/www.trazos.de\/en\/wp-json\/wp\/v2\/comments?post=140"}],"version-history":[{"count":115,"href":"https:\/\/www.trazos.de\/en\/wp-json\/wp\/v2\/pages\/140\/revisions"}],"predecessor-version":[{"id":6528,"href":"https:\/\/www.trazos.de\/en\/wp-json\/wp\/v2\/pages\/140\/revisions\/6528"}],"wp:attachment":[{"href":"https:\/\/www.trazos.de\/en\/wp-json\/wp\/v2\/media?parent=140"}],"curies":[{"name":"wp","href":"https:\/\/api.w.org\/{rel}","templated":true}]}}